{"id":4771,"date":"2023-03-11T21:52:03","date_gmt":"2023-03-12T00:52:03","guid":{"rendered":"https:\/\/wordpress-dev.ilposto.cl\/collection\/"},"modified":"2025-10-20T10:47:58","modified_gmt":"2025-10-20T13:47:58","slug":"collection","status":"publish","type":"page","link":"https:\/\/wordpress-dev.ilposto.cl\/en\/collection\/","title":{"rendered":"Collection"},"content":{"rendered":"\n<p>Los artistas de la colecci\u00f3n Il Posto representan distintas generaciones y geograf\u00edas de Latinoam\u00e9rica. Sus obras e historias son el punto de partida de los distintos proyectos que se realizan en Il Posto. La colecci\u00f3n reflexiona sobre las problem\u00e1ticas hist\u00f3ricas y presentes bajo las cuales se ha pensado Chile y Latinoam\u00e9rica desde los a\u00f1os 70\u2019 hasta el presente. El acervo de cerca de 400 obras, de m\u00e1s de 70 artistas, establece di\u00e1logos en torno a nuestra contemporaneidad.   <\/p>\n","protected":false},"excerpt":{"rendered":"<p>Los artistas de la colecci\u00f3n Il Posto representan distintas generaciones y geograf\u00edas de Latinoam\u00e9rica. Sus obras e historias son el punto de partida de los distintos proyectos que se realizan en Il Posto. La colecci\u00f3n reflexiona sobre las problem\u00e1ticas hist\u00f3ricas y presentes bajo las cuales se ha pensado Chile y Latinoam\u00e9rica desde los a\u00f1os 70\u2019 [&hellip;]<\/p>\n","protected":false},"author":1,"featured_media":0,"parent":0,"menu_order":2,"comment_status":"closed","ping_status":"closed","template":"page-coleccion.php","meta":{"_acf_changed":false,"footnotes":""},"class_list":["post-4771","page","type-page","status-publish","hentry"],"acf":[],"yoast_head":"<!-- This site is optimized with the Yoast SEO plugin v26.1.1 - https:\/\/yoast.com\/wordpress\/plugins\/seo\/ -->\n<title>Collection - IL Posto<\/title>\n<meta name=\"description\" content=\"Los artistas de la colecci\u00f3n Il Posto representan distintas generaciones y geograf\u00edas de Latinoam\u00e9rica. Sus obras e historias son el punto de partida de los distintos proyectos que se realizan en Il Posto. La colecci\u00f3n reflexiona sobre las problem\u00e1ticas hist\u00f3ricas y presentes bajo las cuales se ha pensado Chile y Latinoam\u00e9rica desde los a\u00f1os 70\u2019 hasta el presente. El acervo de cerca de 400 obras, de m\u00e1s de 70 artistas, establece di\u00e1logos en torno a nuestra contemporaneidad.\" \/>\n<meta name=\"robots\" content=\"index, follow, max-snippet:-1, max-image-preview:large, max-video-preview:-1\" \/>\n<link rel=\"canonical\" href=\"https:\/\/wordpress-dev.ilposto.cl\/en\/collection\/\" \/>\n<meta property=\"og:locale\" content=\"en_US\" \/>\n<meta property=\"og:type\" content=\"article\" \/>\n<meta property=\"og:title\" content=\"Collection - IL Posto\" \/>\n<meta property=\"og:description\" content=\"Los artistas de la colecci\u00f3n Il Posto representan distintas generaciones y geograf\u00edas de Latinoam\u00e9rica. Sus obras e historias son el punto de partida de los distintos proyectos que se realizan en Il Posto. La colecci\u00f3n reflexiona sobre las problem\u00e1ticas hist\u00f3ricas y presentes bajo las cuales se ha pensado Chile y Latinoam\u00e9rica desde los a\u00f1os 70\u2019 hasta el presente. El acervo de cerca de 400 obras, de m\u00e1s de 70 artistas, establece di\u00e1logos en torno a nuestra contemporaneidad.\" \/>\n<meta property=\"og:url\" content=\"https:\/\/wordpress-dev.ilposto.cl\/en\/collection\/\" \/>\n<meta property=\"og:site_name\" content=\"IL Posto\" \/>\n<meta property=\"article:modified_time\" content=\"2025-10-20T13:47:58+00:00\" \/>\n<meta name=\"twitter:card\" content=\"summary_large_image\" \/>\n<script type=\"application\/ld+json\" class=\"yoast-schema-graph\">{\"@context\":\"https:\/\/schema.org\",\"@graph\":[{\"@type\":\"WebPage\",\"@id\":\"https:\/\/wordpress-dev.ilposto.cl\/en\/collection\/\",\"url\":\"https:\/\/wordpress-dev.ilposto.cl\/en\/collection\/\",\"name\":\"Collection - IL Posto\",\"isPartOf\":{\"@id\":\"https:\/\/wordpress-dev.ilposto.cl\/en\/#website\"},\"datePublished\":\"2023-03-12T00:52:03+00:00\",\"dateModified\":\"2025-10-20T13:47:58+00:00\",\"description\":\"Los artistas de la colecci\u00f3n Il Posto representan distintas generaciones y geograf\u00edas de Latinoam\u00e9rica. Sus obras e historias son el punto de partida de los distintos proyectos que se realizan en Il Posto. La colecci\u00f3n reflexiona sobre las problem\u00e1ticas hist\u00f3ricas y presentes bajo las cuales se ha pensado Chile y Latinoam\u00e9rica desde los a\u00f1os 70\u2019 hasta el presente. El acervo de cerca de 400 obras, de m\u00e1s de 70 artistas, establece di\u00e1logos en torno a nuestra contemporaneidad.\",\"breadcrumb\":{\"@id\":\"https:\/\/wordpress-dev.ilposto.cl\/en\/collection\/#breadcrumb\"},\"inLanguage\":\"en-US\",\"potentialAction\":[{\"@type\":\"ReadAction\",\"target\":[\"https:\/\/wordpress-dev.ilposto.cl\/en\/collection\/\"]}]},{\"@type\":\"BreadcrumbList\",\"@id\":\"https:\/\/wordpress-dev.ilposto.cl\/en\/collection\/#breadcrumb\",\"itemListElement\":[{\"@type\":\"ListItem\",\"position\":1,\"name\":\"Portada\",\"item\":\"https:\/\/wordpress-dev.ilposto.cl\/en\/\"},{\"@type\":\"ListItem\",\"position\":2,\"name\":\"Collection\"}]},{\"@type\":\"WebSite\",\"@id\":\"https:\/\/wordpress-dev.ilposto.cl\/en\/#website\",\"url\":\"https:\/\/wordpress-dev.ilposto.cl\/en\/\",\"name\":\"IL Posto\",\"description\":\"Otro sitio realizado con WordPress\",\"potentialAction\":[{\"@type\":\"SearchAction\",\"target\":{\"@type\":\"EntryPoint\",\"urlTemplate\":\"https:\/\/wordpress-dev.ilposto.cl\/en\/?s={search_term_string}\"},\"query-input\":{\"@type\":\"PropertyValueSpecification\",\"valueRequired\":true,\"valueName\":\"search_term_string\"}}],\"inLanguage\":\"en-US\"}]}<\/script>\n<!-- \/ Yoast SEO plugin. -->","yoast_head_json":{"title":"Collection - IL Posto","description":"Los artistas de la colecci\u00f3n Il Posto representan distintas generaciones y geograf\u00edas de Latinoam\u00e9rica. Sus obras e historias son el punto de partida de los distintos proyectos que se realizan en Il Posto. La colecci\u00f3n reflexiona sobre las problem\u00e1ticas hist\u00f3ricas y presentes bajo las cuales se ha pensado Chile y Latinoam\u00e9rica desde los a\u00f1os 70\u2019 hasta el presente. El acervo de cerca de 400 obras, de m\u00e1s de 70 artistas, establece di\u00e1logos en torno a nuestra contemporaneidad.","robots":{"index":"index","follow":"follow","max-snippet":"max-snippet:-1","max-image-preview":"max-image-preview:large","max-video-preview":"max-video-preview:-1"},"canonical":"https:\/\/wordpress-dev.ilposto.cl\/en\/collection\/","og_locale":"en_US","og_type":"article","og_title":"Collection - IL Posto","og_description":"Los artistas de la colecci\u00f3n Il Posto representan distintas generaciones y geograf\u00edas de Latinoam\u00e9rica. Sus obras e historias son el punto de partida de los distintos proyectos que se realizan en Il Posto. La colecci\u00f3n reflexiona sobre las problem\u00e1ticas hist\u00f3ricas y presentes bajo las cuales se ha pensado Chile y Latinoam\u00e9rica desde los a\u00f1os 70\u2019 hasta el presente. El acervo de cerca de 400 obras, de m\u00e1s de 70 artistas, establece di\u00e1logos en torno a nuestra contemporaneidad.","og_url":"https:\/\/wordpress-dev.ilposto.cl\/en\/collection\/","og_site_name":"IL Posto","article_modified_time":"2025-10-20T13:47:58+00:00","twitter_card":"summary_large_image","schema":{"@context":"https:\/\/schema.org","@graph":[{"@type":"WebPage","@id":"https:\/\/wordpress-dev.ilposto.cl\/en\/collection\/","url":"https:\/\/wordpress-dev.ilposto.cl\/en\/collection\/","name":"Collection - IL Posto","isPartOf":{"@id":"https:\/\/wordpress-dev.ilposto.cl\/en\/#website"},"datePublished":"2023-03-12T00:52:03+00:00","dateModified":"2025-10-20T13:47:58+00:00","description":"Los artistas de la colecci\u00f3n Il Posto representan distintas generaciones y geograf\u00edas de Latinoam\u00e9rica. Sus obras e historias son el punto de partida de los distintos proyectos que se realizan en Il Posto. La colecci\u00f3n reflexiona sobre las problem\u00e1ticas hist\u00f3ricas y presentes bajo las cuales se ha pensado Chile y Latinoam\u00e9rica desde los a\u00f1os 70\u2019 hasta el presente. El acervo de cerca de 400 obras, de m\u00e1s de 70 artistas, establece di\u00e1logos en torno a nuestra contemporaneidad.","breadcrumb":{"@id":"https:\/\/wordpress-dev.ilposto.cl\/en\/collection\/#breadcrumb"},"inLanguage":"en-US","potentialAction":[{"@type":"ReadAction","target":["https:\/\/wordpress-dev.ilposto.cl\/en\/collection\/"]}]},{"@type":"BreadcrumbList","@id":"https:\/\/wordpress-dev.ilposto.cl\/en\/collection\/#breadcrumb","itemListElement":[{"@type":"ListItem","position":1,"name":"Portada","item":"https:\/\/wordpress-dev.ilposto.cl\/en\/"},{"@type":"ListItem","position":2,"name":"Collection"}]},{"@type":"WebSite","@id":"https:\/\/wordpress-dev.ilposto.cl\/en\/#website","url":"https:\/\/wordpress-dev.ilposto.cl\/en\/","name":"IL Posto","description":"Otro sitio realizado con WordPress","potentialAction":[{"@type":"SearchAction","target":{"@type":"EntryPoint","urlTemplate":"https:\/\/wordpress-dev.ilposto.cl\/en\/?s={search_term_string}"},"query-input":{"@type":"PropertyValueSpecification","valueRequired":true,"valueName":"search_term_string"}}],"inLanguage":"en-US"}]}},"_links":{"self":[{"href":"https:\/\/wordpress-dev.ilposto.cl\/en\/wp-json\/wp\/v2\/pages\/4771","targetHints":{"allow":["GET"]}}],"collection":[{"href":"https:\/\/wordpress-dev.ilposto.cl\/en\/wp-json\/wp\/v2\/pages"}],"about":[{"href":"https:\/\/wordpress-dev.ilposto.cl\/en\/wp-json\/wp\/v2\/types\/page"}],"author":[{"embeddable":true,"href":"https:\/\/wordpress-dev.ilposto.cl\/en\/wp-json\/wp\/v2\/users\/1"}],"replies":[{"embeddable":true,"href":"https:\/\/wordpress-dev.ilposto.cl\/en\/wp-json\/wp\/v2\/comments?post=4771"}],"version-history":[{"count":1,"href":"https:\/\/wordpress-dev.ilposto.cl\/en\/wp-json\/wp\/v2\/pages\/4771\/revisions"}],"predecessor-version":[{"id":4773,"href":"https:\/\/wordpress-dev.ilposto.cl\/en\/wp-json\/wp\/v2\/pages\/4771\/revisions\/4773"}],"wp:attachment":[{"href":"https:\/\/wordpress-dev.ilposto.cl\/en\/wp-json\/wp\/v2\/media?parent=4771"}],"curies":[{"name":"wp","href":"https:\/\/api.w.org\/{rel}","templated":true}]}}